{"id":180,"date":"2020-02-12T13:58:18","date_gmt":"2020-02-12T16:58:18","guid":{"rendered":"http:\/\/clinicacni.com.br\/site\/\/?page_id=180"},"modified":"2024-11-05T15:55:08","modified_gmt":"2024-11-05T18:55:08","slug":"conheca-a-cni","status":"publish","type":"page","link":"https:\/\/clinicacni.com.br\/site\/conheca-a-cni\/","title":{"rendered":"Conhe\u00e7a a CNI"},"content":{"rendered":"\t\t<div data-elementor-type=\"wp-page\" data-elementor-id=\"180\" class=\"elementor elementor-180\" data-elementor-post-type=\"page\">\n\t\t\t\t\t\t<section class=\"elementor-section elementor-top-section elementor-element elementor-element-d476a29 elementor-section-boxed elementor-section-height-default elementor-section-height-default\" data-id=\"d476a29\" data-element_type=\"section\">\n\t\t\t\t\t\t<div class=\"elementor-container elementor-column-gap-default\">\n\t\t\t\t\t<div class=\"elementor-column elementor-col-50 elementor-top-column elementor-element elementor-element-b3e825a\" data-id=\"b3e825a\" data-element_type=\"column\">\n\t\t\t<div class=\"elementor-widget-wrap elementor-element-populated\">\n\t\t\t\t\t\t<div class=\"elementor-element elementor-element-d990b76 elementor-widget elementor-widget-image\" data-id=\"d990b76\" data-element_type=\"widget\" data-widget_type=\"image.default\">\n\t\t\t\t<div class=\"elementor-widget-container\">\n\t\t\t\t\t\t\t\t\t\t\t\t\t<img fetchpriority=\"high\" decoding=\"async\" width=\"420\" height=\"346\" src=\"https:\/\/clinicacni.com.br\/site\/wp-content\/uploads\/2020\/02\/sobre.png\" class=\"attachment-large size-large wp-image-185\" alt=\"\" srcset=\"https:\/\/clinicacni.com.br\/site\/wp-content\/uploads\/2020\/02\/sobre.png 420w, https:\/\/clinicacni.com.br\/site\/wp-content\/uploads\/2020\/02\/sobre-300x247.png 300w\" sizes=\"(max-width: 420px) 100vw, 420px\" \/>\t\t\t\t\t\t\t\t\t\t\t\t\t<\/div>\n\t\t\t\t<\/div>\n\t\t\t\t<div class=\"elementor-element elementor-element-3cdd27a elementor-widget__width-initial elementor-widget elementor-widget-image\" data-id=\"3cdd27a\" data-element_type=\"widget\" data-widget_type=\"image.default\">\n\t\t\t\t<div class=\"elementor-widget-container\">\n\t\t\t\t\t\t\t\t\t\t\t\t\t<img decoding=\"async\" width=\"200\" height=\"164\" src=\"https:\/\/clinicacni.com.br\/site\/wp-content\/uploads\/2020\/02\/sobre-1.jpg\" class=\"attachment-large size-large wp-image-186\" alt=\"\" \/>\t\t\t\t\t\t\t\t\t\t\t\t\t<\/div>\n\t\t\t\t<\/div>\n\t\t\t\t<div class=\"elementor-element elementor-element-5996d43 elementor-widget__width-initial elementor-widget elementor-widget-image\" data-id=\"5996d43\" data-element_type=\"widget\" data-widget_type=\"image.default\">\n\t\t\t\t<div class=\"elementor-widget-container\">\n\t\t\t\t\t\t\t\t\t\t\t\t\t<img decoding=\"async\" width=\"200\" height=\"164\" src=\"https:\/\/clinicacni.com.br\/site\/wp-content\/uploads\/2020\/02\/sobre-2.jpg\" class=\"attachment-large size-large wp-image-187\" alt=\"\" \/>\t\t\t\t\t\t\t\t\t\t\t\t\t<\/div>\n\t\t\t\t<\/div>\n\t\t\t\t<div class=\"elementor-element elementor-element-89de37b elementor-widget__width-initial elementor-widget elementor-widget-image\" data-id=\"89de37b\" data-element_type=\"widget\" data-widget_type=\"image.default\">\n\t\t\t\t<div class=\"elementor-widget-container\">\n\t\t\t\t\t\t\t\t\t\t\t\t\t<img loading=\"lazy\" decoding=\"async\" width=\"200\" height=\"164\" src=\"https:\/\/clinicacni.com.br\/site\/wp-content\/uploads\/2020\/02\/sobre-3.jpg\" class=\"attachment-large size-large wp-image-188\" alt=\"\" \/>\t\t\t\t\t\t\t\t\t\t\t\t\t<\/div>\n\t\t\t\t<\/div>\n\t\t\t\t<div class=\"elementor-element elementor-element-a0a6112 elementor-widget__width-initial elementor-widget elementor-widget-image\" data-id=\"a0a6112\" data-element_type=\"widget\" data-widget_type=\"image.default\">\n\t\t\t\t<div class=\"elementor-widget-container\">\n\t\t\t\t\t\t\t\t\t\t\t\t\t<img loading=\"lazy\" decoding=\"async\" width=\"200\" height=\"164\" src=\"https:\/\/clinicacni.com.br\/site\/wp-content\/uploads\/2020\/02\/sobre-4.jpg\" class=\"attachment-large size-large wp-image-189\" alt=\"\" \/>\t\t\t\t\t\t\t\t\t\t\t\t\t<\/div>\n\t\t\t\t<\/div>\n\t\t\t\t\t<\/div>\n\t\t<\/div>\n\t\t\t\t<div class=\"elementor-column elementor-col-50 elementor-top-column elementor-element elementor-element-fdb64d3\" data-id=\"fdb64d3\" data-element_type=\"column\">\n\t\t\t<div class=\"elementor-widget-wrap elementor-element-populated\">\n\t\t\t\t\t\t<div class=\"elementor-element elementor-element-c1667a7 elementor-widget elementor-widget-heading\" data-id=\"c1667a7\" data-element_type=\"widget\" data-widget_type=\"heading.default\">\n\t\t\t\t<div class=\"elementor-widget-container\">\n\t\t\t<h3 class=\"elementor-heading-title elementor-size-default\"><img decoding=\"async\" src=\"http:\/\/clinicacni.com.br\/site\/\/wp-content\/uploads\/2020\/02\/icon-sobre.png\"> Conhe\u00e7a a CNI<\/h3>\t\t<\/div>\n\t\t\t\t<\/div>\n\t\t\t\t<div class=\"elementor-element elementor-element-2020687 elementor-widget elementor-widget-text-editor\" data-id=\"2020687\" data-element_type=\"widget\" data-widget_type=\"text-editor.default\">\n\t\t\t\t<div class=\"elementor-widget-container\">\n\t\t\t\t\t\t\t<p class=\"Normal_Web_ tm6 tm7\" style=\"text-align: left;\"><span class=\"tm8\">A Cl\u00ednica Cardiologia N\u00e3o Invasiva (CNI) estruturalmente come\u00e7ou suas atividades em 1995 oferecendo atendimento cardiol\u00f3gico atrav\u00e9s de consultas e na realiza\u00e7\u00e3o de exames cardiol\u00f3gicos. Na CNI, a responsabilidade e a qualidade est\u00e3o integradas a nossa filosofia de trabalho com o objetivo de oferecer para m\u00e9dicos e pacientes a excel\u00eancia no atendimento e nos diagn\u00f3sticos por imagem. Nesse sentido, temos como maior patrim\u00f4nio uma equipe de profissionais m\u00e9dicos, de enfermagem e t\u00e9cnicos altamente qualificados, atualizados com o que existe de mais moderno em tecnologia e medicina diagn\u00f3stica.<\/span><\/p><p class=\"Normal_Web_ tm6 tm7\" style=\"text-align: left;\"><span class=\"tm8\">Aqui o paciente realiza quase todos os exames <\/span><strong><span class=\"tm9\">n\u00e3o invasivos<\/span><\/strong><span class=\"tm8\">, desde o eletrocardiograma at\u00e9 o de alta complexidade como o ecocardiograma transesof\u00e1gico 3D, al\u00e9m de diversos outros exames, sempre com tecnologia de ponta, no que h\u00e1 de mais moderno em medicina diagn\u00f3stica.<\/span><\/p><p class=\"Normal_Web_ tm6 tm7\" style=\"text-align: left;\"><span class=\"tm8\">A Cardiologia N\u00e3o Invasiva (CNI) disp\u00f5e de uma \u00f3tima estrutura ao atendimento humanizado, para que o paciente seja recebido com conforto e agilidade, tanto no agendamento quanto na realiza\u00e7\u00e3o dos exames e entrega dos resultados.<\/span><\/p><p class=\"Normal tm10\" style=\"text-align: left;\"><span class=\"tm8\">A Cl\u00ednica CNI \u00e9 refer\u00eancia no Tri\u00e2ngulo Mineiro na realiza\u00e7\u00e3o de <\/span><strong><span class=\"tm9\">consultas<\/span><\/strong><span class=\"tm8\"> e <\/span><strong><span class=\"tm9\">exames complementares<\/span><\/strong><span class=\"tm8\"> com qualidade nas \u00e1reas de Cardiologia e Angiologia, Cirurgia Vascular, Urologia, Reumatologia e Geriatria. Estamos aptos a realizar consultas e exames complementares em qualquer faixa et\u00e1ria. Todos os nossos profissionais m\u00e9dicos apresentam T\u00edtulos de Especialista reconhecido pelo MEC, Sociedades Brasileira de Cardiologia, Cirurgia Vascular e Angiologia, Urologia, Reumatologia e de Geriatria.<\/span><\/p><p class=\"Normal tm10\" style=\"text-align: left;\"><span class=\"tm8\">Nosso centro m\u00e9dico est\u00e1 apto para atender qualquer emerg\u00eancia m\u00e9dica que ocorrer dentro de suas instala\u00e7\u00f5es e conta com ambul\u00e2ncia UTI (Medilar) para transporte de pacientes considerados graves para Hospitais da cidade.<\/span><\/p><p class=\"Normal tm10\" style=\"text-align: left;\"><span class=\"tm8\">\u00a0Contamos com um servi\u00e7o de emerg\u00eancia para o atendimento de consultas m\u00e9dicas e para realiza\u00e7\u00e3o de exames complementares durante 24 horas do dia e 365 dias do ano. Durante o hor\u00e1rio normal de trabalho \u00e9 s\u00f3 ligar no (34) 3236-6600. Durante a noite, finais de semana e feriados basta ligar para o telefone (34) 99971-0603.<\/span><\/p>\t\t\t\t\t\t<\/div>\n\t\t\t\t<\/div>\n\t\t\t\t<div class=\"elementor-element elementor-element-8c16963 elementor-widget elementor-widget-heading\" data-id=\"8c16963\" data-element_type=\"widget\" data-widget_type=\"heading.default\">\n\t\t\t\t<div class=\"elementor-widget-container\">\n\t\t\t<h3 class=\"elementor-heading-title elementor-size-default\"><strong><span>Corpo Cl\u00ednico<\/span><\/strong><\/h3>\t\t<\/div>\n\t\t\t\t<\/div>\n\t\t\t\t<div class=\"elementor-element elementor-element-66a38c5 elementor-widget elementor-widget-text-editor\" data-id=\"66a38c5\" data-element_type=\"widget\" data-widget_type=\"text-editor.default\">\n\t\t\t\t<div class=\"elementor-widget-container\">\n\t\t\t\t\t\t\t<p class=\"Normal_Web_ tm6 tm7\" style=\"text-align: left;\"><span class=\"tm8\">A equipe (m\u00e9dicos, enfermeiros, colaboradores) da CNI (Cardiologia N\u00e3o Invasiva) est\u00e1 em constante atualiza\u00e7\u00e3o t\u00e9cnica e cient\u00edfica. Para propiciar o diagn\u00f3stico mais preciso, nossos especialistas participam com frequ\u00eancia de congressos nacionais e internacionais, bem como de grupos de discuss\u00e3o multidisciplinar. A equipe m\u00e9dica da CNI \u00e9 composta por especialistas das diversas \u00e1reas da medicina, com reconhecida forma\u00e7\u00e3o acad\u00eamica.<\/span><\/p><p class=\"Normal_Web_ tm6 tm9\" style=\"text-align: left;\"><span class=\"tm8\">Todas as atividades m\u00e9dicas da CNI obedecem aos mais elevados padr\u00f5es \u00e9ticos e atendem \u00e0s normas legais vigentes, sendo realizadas sob a assist\u00eancia de uma equipe de profissionais altamente qualificados. Desta forma, a CNI conta com um corpo cl\u00ednico preparado para procedimentos de maior complexidade, sempre focando no conforto e seguran\u00e7a do paciente.<\/span><\/p>\t\t\t\t\t\t<\/div>\n\t\t\t\t<\/div>\n\t\t\t\t\t<\/div>\n\t\t<\/div>\n\t\t\t\t\t<\/div>\n\t\t<\/section>\n\t\t\t\t<\/div>\n\t\t","protected":false},"excerpt":{"rendered":"<p>Conhe\u00e7a a CNI A Cl\u00ednica Cardiologia N\u00e3o Invasiva (CNI) estruturalmente come\u00e7ou suas atividades em 1995 oferecendo atendimento cardiol\u00f3gico atrav\u00e9s de consultas e na realiza\u00e7\u00e3o de exames cardiol\u00f3gicos. Na CNI, a responsabilidade e a qualidade est\u00e3o integradas a nossa filosofia de trabalho com o objetivo de oferecer para m\u00e9dicos e pacientes a excel\u00eancia no atendimento e [&hellip;]<\/p>\n","protected":false},"author":1,"featured_media":0,"parent":0,"menu_order":0,"comment_status":"closed","ping_status":"closed","template":"elementor_header_footer","meta":{"footnotes":""},"class_list":["post-180","page","type-page","status-publish","hentry"],"_links":{"self":[{"href":"https:\/\/clinicacni.com.br\/site\/wp-json\/wp\/v2\/pages\/180","targetHints":{"allow":["GET"]}}],"collection":[{"href":"https:\/\/clinicacni.com.br\/site\/wp-json\/wp\/v2\/pages"}],"about":[{"href":"https:\/\/clinicacni.com.br\/site\/wp-json\/wp\/v2\/types\/page"}],"author":[{"embeddable":true,"href":"https:\/\/clinicacni.com.br\/site\/wp-json\/wp\/v2\/users\/1"}],"replies":[{"embeddable":true,"href":"https:\/\/clinicacni.com.br\/site\/wp-json\/wp\/v2\/comments?post=180"}],"version-history":[{"count":13,"href":"https:\/\/clinicacni.com.br\/site\/wp-json\/wp\/v2\/pages\/180\/revisions"}],"predecessor-version":[{"id":6705,"href":"https:\/\/clinicacni.com.br\/site\/wp-json\/wp\/v2\/pages\/180\/revisions\/6705"}],"wp:attachment":[{"href":"https:\/\/clinicacni.com.br\/site\/wp-json\/wp\/v2\/media?parent=180"}],"curies":[{"name":"wp","href":"https:\/\/api.w.org\/{rel}","templated":true}]}}