{"id":792,"date":"2021-01-12T17:44:12","date_gmt":"2021-01-12T20:44:12","guid":{"rendered":"http:\/\/clinicacni.com.br\/site\/?page_id=792"},"modified":"2024-11-05T15:40:07","modified_gmt":"2024-11-05T18:40:07","slug":"blog-2","status":"publish","type":"page","link":"https:\/\/clinicacni.com.br\/site\/blog-2\/","title":{"rendered":"Blog"},"content":{"rendered":"\t\t<div data-elementor-type=\"wp-page\" data-elementor-id=\"792\" class=\"elementor elementor-792\" data-elementor-post-type=\"page\">\n\t\t\t\t<div class=\"elementor-element elementor-element-ddebf2a e-flex e-con-boxed e-con e-parent\" data-id=\"ddebf2a\" data-element_type=\"container\">\n\t\t\t\t\t<div class=\"e-con-inner\">\n\t\t<div class=\"elementor-element elementor-element-f8d161c e-con-full e-flex e-con e-child\" data-id=\"f8d161c\" data-element_type=\"container\">\n\t\t\t\t<div class=\"elementor-element elementor-element-d69ca99 elementor-grid-1 elementor-grid-tablet-2 elementor-grid-mobile-1 elementor-posts--thumbnail-top elementor-posts--show-avatar elementor-card-shadow-yes elementor-posts__hover-gradient elementor-widget elementor-widget-posts\" data-id=\"d69ca99\" data-element_type=\"widget\" data-settings=\"{&quot;cards_columns&quot;:&quot;1&quot;,&quot;pagination_type&quot;:&quot;numbers_and_prev_next&quot;,&quot;cards_columns_tablet&quot;:&quot;2&quot;,&quot;cards_columns_mobile&quot;:&quot;1&quot;,&quot;cards_row_gap&quot;:{&quot;unit&quot;:&quot;px&quot;,&quot;size&quot;:35,&quot;sizes&quot;:[]},&quot;cards_row_gap_tablet&quot;:{&quot;unit&quot;:&quot;px&quot;,&quot;size&quot;:&quot;&quot;,&quot;sizes&quot;:[]},&quot;cards_row_gap_mobile&quot;:{&quot;unit&quot;:&quot;px&quot;,&quot;size&quot;:&quot;&quot;,&quot;sizes&quot;:[]}}\" data-widget_type=\"posts.cards\">\n\t\t\t\t<div class=\"elementor-widget-container\">\n\t\t\t\t\t<div class=\"elementor-posts-container elementor-posts elementor-posts--skin-cards elementor-grid\">\n\t\t\t\t<article class=\"elementor-post elementor-grid-item post-1806 post type-post status-publish format-standard hentry category-sem-categoria\">\n\t\t\t<div class=\"elementor-post__card\">\n\t\t\t\t<div class=\"elementor-post__text\">\n\t\t\t\t<h3 class=\"elementor-post__title\">\n\t\t\t<a href=\"https:\/\/clinicacni.com.br\/site\/voce-sabe-quais-sao-os-maleficios-do-alcool-para-o-seu-coracao\/\" target=&quot;_blank&quot;>\n\t\t\t\tVoc\u00ea sabe quais s\u00e3o os malef\u00edcios do \u00e1lcool para o seu cora\u00e7\u00e3o?\t\t\t<\/a>\n\t\t<\/h3>\n\t\t\t\t<div class=\"elementor-post__excerpt\">\n\t\t\t<p>Cuidar do cora\u00e7\u00e3o \u00e9 cuidar de voc\u00ea! Por isso, \u00e9 importante estarmos atentos a todos os riscos que o consumo moderado a importante de bebidas<\/p>\n\t\t<\/div>\n\t\t\n\t\t<a class=\"elementor-post__read-more\" href=\"https:\/\/clinicacni.com.br\/site\/voce-sabe-quais-sao-os-maleficios-do-alcool-para-o-seu-coracao\/\" aria-label=\"Read more about Voc\u00ea sabe quais s\u00e3o os malef\u00edcios do \u00e1lcool para o seu cora\u00e7\u00e3o?\" tabindex=\"-1\" target=\"_blank\">\n\t\t\tLeia Mais \u00bb\t\t<\/a>\n\n\t\t\t\t<\/div>\n\t\t\t\t<div class=\"elementor-post__meta-data\">\n\t\t\t\t\t<span class=\"elementor-post-date\">\n\t\t\t18 de fevereiro de 2022\t\t<\/span>\n\t\t\t\t<span class=\"elementor-post-avatar\">\n\t\t\tNenhum coment\u00e1rio\t\t<\/span>\n\t\t\t\t<\/div>\n\t\t\t\t\t<\/div>\n\t\t<\/article>\n\t\t\t\t<article class=\"elementor-post elementor-grid-item post-1799 post type-post status-publish format-standard hentry category-sem-categoria\">\n\t\t\t<div class=\"elementor-post__card\">\n\t\t\t\t<div class=\"elementor-post__text\">\n\t\t\t\t<h3 class=\"elementor-post__title\">\n\t\t\t<a href=\"https:\/\/clinicacni.com.br\/site\/como-prevenir-a-arritmia-cardiaca\/\" target=&quot;_blank&quot;>\n\t\t\t\tComo prevenir a arritmia card\u00edaca?\t\t\t<\/a>\n\t\t<\/h3>\n\t\t\t\t<div class=\"elementor-post__excerpt\">\n\t\t\t<p>Voc\u00ea sabe como prevenir arritmia card\u00edaca? Se n\u00e3o, ent\u00e3o arraste para o lado e confira algumas dicas! Cuide bem do seu cora\u00e7\u00e3o para viver melhor!\u2764\ufe0f<\/p>\n\t\t<\/div>\n\t\t\n\t\t<a class=\"elementor-post__read-more\" href=\"https:\/\/clinicacni.com.br\/site\/como-prevenir-a-arritmia-cardiaca\/\" aria-label=\"Read more about Como prevenir a arritmia card\u00edaca?\" tabindex=\"-1\" target=\"_blank\">\n\t\t\tLeia Mais \u00bb\t\t<\/a>\n\n\t\t\t\t<\/div>\n\t\t\t\t<div class=\"elementor-post__meta-data\">\n\t\t\t\t\t<span class=\"elementor-post-date\">\n\t\t\t18 de fevereiro de 2022\t\t<\/span>\n\t\t\t\t<span class=\"elementor-post-avatar\">\n\t\t\tNenhum coment\u00e1rio\t\t<\/span>\n\t\t\t\t<\/div>\n\t\t\t\t\t<\/div>\n\t\t<\/article>\n\t\t\t\t<article class=\"elementor-post elementor-grid-item post-1792 post type-post status-publish format-standard hentry category-sem-categoria\">\n\t\t\t<div class=\"elementor-post__card\">\n\t\t\t\t<div class=\"elementor-post__text\">\n\t\t\t\t<h3 class=\"elementor-post__title\">\n\t\t\t<a href=\"https:\/\/clinicacni.com.br\/site\/reeducacao-alimentar-para-cardiacos\/\" target=&quot;_blank&quot;>\n\t\t\t\tReeduca\u00e7\u00e3o alimentar para card\u00edacos\t\t\t<\/a>\n\t\t<\/h3>\n\t\t\t\t<div class=\"elementor-post__excerpt\">\n\t\t\t<p>Sabemos que pessoas infartadas precisam mudar os h\u00e1bitos de vida, alimentares e comportamentais. Por isso \u00e9 importante que ela tenha vontade de mudar! \ud83e\udec0 A<\/p>\n\t\t<\/div>\n\t\t\n\t\t<a class=\"elementor-post__read-more\" href=\"https:\/\/clinicacni.com.br\/site\/reeducacao-alimentar-para-cardiacos\/\" aria-label=\"Read more about Reeduca\u00e7\u00e3o alimentar para card\u00edacos\" tabindex=\"-1\" target=\"_blank\">\n\t\t\tLeia Mais \u00bb\t\t<\/a>\n\n\t\t\t\t<\/div>\n\t\t\t\t<div class=\"elementor-post__meta-data\">\n\t\t\t\t\t<span class=\"elementor-post-date\">\n\t\t\t18 de fevereiro de 2022\t\t<\/span>\n\t\t\t\t<span class=\"elementor-post-avatar\">\n\t\t\tNenhum coment\u00e1rio\t\t<\/span>\n\t\t\t\t<\/div>\n\t\t\t\t\t<\/div>\n\t\t<\/article>\n\t\t\t\t<article class=\"elementor-post elementor-grid-item post-1775 post type-post status-publish format-standard hentry category-sem-categoria\">\n\t\t\t<div class=\"elementor-post__card\">\n\t\t\t\t<div class=\"elementor-post__text\">\n\t\t\t\t<h3 class=\"elementor-post__title\">\n\t\t\t<a href=\"https:\/\/clinicacni.com.br\/site\/voce-sabia-que-as-doencas-cardiovasculares-sao-as-que-mais-provocam-mortalidade-no-mundo\/\" target=&quot;_blank&quot;>\n\t\t\t\tVoc\u00ea sabia que as doen\u00e7as cardiovasculares s\u00e3o as que mais provocam mortalidade no mundo?\t\t\t<\/a>\n\t\t<\/h3>\n\t\t\t\t<div class=\"elementor-post__excerpt\">\n\t\t\t<p>Segundo a OMS (Organiza\u00e7\u00e3o Mundial da Sa\u00fade), as doen\u00e7as card\u00edacas continuam sendo a principal causa de mortalidade no mundo inteiro. Por isso, \u00e9 importante que<\/p>\n\t\t<\/div>\n\t\t\n\t\t<a class=\"elementor-post__read-more\" href=\"https:\/\/clinicacni.com.br\/site\/voce-sabia-que-as-doencas-cardiovasculares-sao-as-que-mais-provocam-mortalidade-no-mundo\/\" aria-label=\"Read more about Voc\u00ea sabia que as doen\u00e7as cardiovasculares s\u00e3o as que mais provocam mortalidade no mundo?\" tabindex=\"-1\" target=\"_blank\">\n\t\t\tLeia Mais \u00bb\t\t<\/a>\n\n\t\t\t\t<\/div>\n\t\t\t\t<div class=\"elementor-post__meta-data\">\n\t\t\t\t\t<span class=\"elementor-post-date\">\n\t\t\t8 de fevereiro de 2022\t\t<\/span>\n\t\t\t\t<span class=\"elementor-post-avatar\">\n\t\t\tNenhum coment\u00e1rio\t\t<\/span>\n\t\t\t\t<\/div>\n\t\t\t\t\t<\/div>\n\t\t<\/article>\n\t\t\t\t<article class=\"elementor-post elementor-grid-item post-1753 post type-post status-publish format-standard hentry category-sem-categoria\">\n\t\t\t<div class=\"elementor-post__card\">\n\t\t\t\t<div class=\"elementor-post__text\">\n\t\t\t\t<h3 class=\"elementor-post__title\">\n\t\t\t<a href=\"https:\/\/clinicacni.com.br\/site\/resolucoes-para-2022-cuidar-mais-de-mim\/\" target=&quot;_blank&quot;>\n\t\t\t\tResolu\u00e7\u00f5es para 2022: Cuidar mais de mim!\t\t\t<\/a>\n\t\t<\/h3>\n\t\t\t\t<div class=\"elementor-post__excerpt\">\n\t\t\t<p>D\u00ea prioridade para voc\u00ea este ano! \u2764\ufe0f\ud83d\udc99 Priorize a sua sa\u00fade e cuide de voc\u00ea! Cuida bem do seu cora\u00e7\u00e3o.N\u00f3s da Cl\u00ednica CNI (Cardiologia N\u00e3o<\/p>\n\t\t<\/div>\n\t\t\n\t\t<a class=\"elementor-post__read-more\" href=\"https:\/\/clinicacni.com.br\/site\/resolucoes-para-2022-cuidar-mais-de-mim\/\" aria-label=\"Read more about Resolu\u00e7\u00f5es para 2022: Cuidar mais de mim!\" tabindex=\"-1\" target=\"_blank\">\n\t\t\tLeia Mais \u00bb\t\t<\/a>\n\n\t\t\t\t<\/div>\n\t\t\t\t<div class=\"elementor-post__meta-data\">\n\t\t\t\t\t<span class=\"elementor-post-date\">\n\t\t\t25 de janeiro de 2022\t\t<\/span>\n\t\t\t\t<span class=\"elementor-post-avatar\">\n\t\t\tNenhum coment\u00e1rio\t\t<\/span>\n\t\t\t\t<\/div>\n\t\t\t\t\t<\/div>\n\t\t<\/article>\n\t\t\t\t<article class=\"elementor-post elementor-grid-item post-1702 post type-post status-publish format-standard hentry category-sem-categoria\">\n\t\t\t<div class=\"elementor-post__card\">\n\t\t\t\t<div class=\"elementor-post__text\">\n\t\t\t\t<h3 class=\"elementor-post__title\">\n\t\t\t<a href=\"https:\/\/clinicacni.com.br\/site\/atitudes-saudaveis-para-a-ceia-de-natal\/\" target=&quot;_blank&quot;>\n\t\t\t\tAtitudes saud\u00e1veis para a ceia de natal\t\t\t<\/a>\n\t\t<\/h3>\n\t\t\t\t<div class=\"elementor-post__excerpt\">\n\t\t\t<p>Natal chegando e com ele a mesa farta da ceia em fam\u00edlia! Mas n\u00e3o podemos nos esquecer de fazer boas escolhas para preservar a sa\u00fade<\/p>\n\t\t<\/div>\n\t\t\n\t\t<a class=\"elementor-post__read-more\" href=\"https:\/\/clinicacni.com.br\/site\/atitudes-saudaveis-para-a-ceia-de-natal\/\" aria-label=\"Read more about Atitudes saud\u00e1veis para a ceia de natal\" tabindex=\"-1\" target=\"_blank\">\n\t\t\tLeia Mais \u00bb\t\t<\/a>\n\n\t\t\t\t<\/div>\n\t\t\t\t<div class=\"elementor-post__meta-data\">\n\t\t\t\t\t<span class=\"elementor-post-date\">\n\t\t\t23 de dezembro de 2021\t\t<\/span>\n\t\t\t\t<span class=\"elementor-post-avatar\">\n\t\t\tNenhum coment\u00e1rio\t\t<\/span>\n\t\t\t\t<\/div>\n\t\t\t\t\t<\/div>\n\t\t<\/article>\n\t\t\t\t<\/div>\n\t\t\n\t\t\t\t<div class=\"e-load-more-anchor\" data-page=\"1\" data-max-page=\"16\" data-next-page=\"https:\/\/clinicacni.com.br\/site\/wp-json\/wp\/v2\/pages\/792\/page\/2\/\"><\/div>\n\t\t\t\t<nav class=\"elementor-pagination\" aria-label=\"Pagination\">\n\t\t\t<span class=\"page-numbers prev\">&laquo; Anterior<\/span>\n<span aria-current=\"page\" class=\"page-numbers current\"><span class=\"elementor-screen-only\">Page<\/span>1<\/span>\n<a class=\"page-numbers\" href=\"https:\/\/clinicacni.com.br\/site\/wp-json\/wp\/v2\/pages\/792\/page\/2\/\"><span class=\"elementor-screen-only\">Page<\/span>2<\/a>\n<a class=\"page-numbers\" href=\"https:\/\/clinicacni.com.br\/site\/wp-json\/wp\/v2\/pages\/792\/page\/3\/\"><span class=\"elementor-screen-only\">Page<\/span>3<\/a>\n<a class=\"page-numbers\" href=\"https:\/\/clinicacni.com.br\/site\/wp-json\/wp\/v2\/pages\/792\/page\/4\/\"><span class=\"elementor-screen-only\">Page<\/span>4<\/a>\n<a class=\"page-numbers\" href=\"https:\/\/clinicacni.com.br\/site\/wp-json\/wp\/v2\/pages\/792\/page\/5\/\"><span class=\"elementor-screen-only\">Page<\/span>5<\/a>\n<a class=\"page-numbers next\" href=\"https:\/\/clinicacni.com.br\/site\/wp-json\/wp\/v2\/pages\/792\/page\/2\/\">Pr\u00f3ximo &raquo;<\/a>\t\t<\/nav>\n\t\t\t\t<\/div>\n\t\t\t\t<\/div>\n\t\t\t\t<\/div>\n\t\t\t\t\t<\/div>\n\t\t\t\t<\/div>\n\t\t\t\t<\/div>\n\t\t","protected":false},"excerpt":{"rendered":"","protected":false},"author":1,"featured_media":0,"parent":0,"menu_order":0,"comment_status":"closed","ping_status":"closed","template":"elementor_header_footer","meta":{"footnotes":""},"class_list":["post-792","page","type-page","status-publish","hentry"],"_links":{"self":[{"href":"https:\/\/clinicacni.com.br\/site\/wp-json\/wp\/v2\/pages\/792","targetHints":{"allow":["GET"]}}],"collection":[{"href":"https:\/\/clinicacni.com.br\/site\/wp-json\/wp\/v2\/pages"}],"about":[{"href":"https:\/\/clinicacni.com.br\/site\/wp-json\/wp\/v2\/types\/page"}],"author":[{"embeddable":true,"href":"https:\/\/clinicacni.com.br\/site\/wp-json\/wp\/v2\/users\/1"}],"replies":[{"embeddable":true,"href":"https:\/\/clinicacni.com.br\/site\/wp-json\/wp\/v2\/comments?post=792"}],"version-history":[{"count":17,"href":"https:\/\/clinicacni.com.br\/site\/wp-json\/wp\/v2\/pages\/792\/revisions"}],"predecessor-version":[{"id":6679,"href":"https:\/\/clinicacni.com.br\/site\/wp-json\/wp\/v2\/pages\/792\/revisions\/6679"}],"wp:attachment":[{"href":"https:\/\/clinicacni.com.br\/site\/wp-json\/wp\/v2\/media?parent=792"}],"curies":[{"name":"wp","href":"https:\/\/api.w.org\/{rel}","templated":true}]}}